{"id":1537,"date":"2025-03-01T18:32:16","date_gmt":"2025-03-02T02:32:16","guid":{"rendered":"https:\/\/tumadremisuegrita.com\/tequilas\/"},"modified":"2025-05-30T18:49:39","modified_gmt":"2025-05-31T01:49:39","slug":"tequilas","status":"publish","type":"page","link":"https:\/\/tumadremisuegrita.com\/es\/tequilas\/","title":{"rendered":"Tequilas"},"content":{"rendered":"\n\n\t<h1>\n\t\t\t\tDos Tequilas.<br \/>Historias Interminables.\n\t\t\t<\/h1>\n\t\t\t\t<img loading=\"lazy\" decoding=\"async\" src=\"https:\/\/tumadremisuegrita.com\/wp-content\/uploads\/2025\/03\/single-estate.png\" alt=\"single-estate\" itemprop=\"image\" height=\"300\" width=\"300\" title=\"single-estate\" onerror=\"this.style.display='none'\"  \/>\n\t<h6>\n\t\t\t\tClaro Como el Cristal, Audazmente Distinto\n\t\t\t<\/h6>\n\t\t\t<h2>Plata Exitosa<\/h2>\n\t<p>Un brindis por los que persiguen el \u00e9xito y saborean el viaje. Plata Exitosa es un tequila que <strong>llama la atenci\u00f3n desde el primer sorbo<\/strong>. Destilada hasta la perfecci\u00f3n cristalina, esta expresi\u00f3n <strong>brillante y ultrasuave<\/strong> lleva la esencia del agave azul seleccionado a mano directamente a tu copa.<\/p>\n<p>En nariz, Plata Exitosa ofrece una fresca explosi\u00f3n de c\u00edtricos y un sutil toque de dulce n\u00e9ctar de agave. En el paladar, espera una textura sedosa y limpia que se despliega con capas de manzana verde crujiente, lima picante y un toque de especias picantes que persiste lo suficiente para dejar su huella.<\/p>\n<p>Ya se sirva solo, con hielo o como base de un c\u00f3ctel inolvidable, Plata Exitosa no es s\u00f3lo tequila, es toda una declaraci\u00f3n.<\/p>\n\t\t\t<a href=\"https:\/\/tumadremisuegritatequila.passionspirits.com\/\" target=\"_self\">\n\t\t\t\t\t\t\tComprar Hoy\n\t\t\t\t\t<\/a>\n\t<h6>\n\t\t\t\tEnvejecido a la perfecci\u00f3n, elaborado con actitud\n\t\t\t<\/h6>\n\t\t\t<h2>Reposado Chingona<\/h2>\n\t<p>Algunos tequilas son suaves. <strong>El Chingona Reposado es suave con un borde<\/strong>. Reposada en barricas de roble el tiempo justo, esta <strong>obra maestra de color \u00e1mbar<\/strong> alcanza el equilibrio perfecto entre <strong>suave elegancia y esp\u00edritu ind\u00f3mito<\/strong>.<\/p>\n<p>Notas c\u00e1lidas de <strong>caramelo, vainilla y roble tostado<\/strong> envuelven matices de frutos secos y especias. En el paladar, es una <strong>atractiva mezcla de caramelo, agave tostado y un susurro de canela<\/strong>, con una profundidad que perdura como una historia digna de ser contada. El final es aterciopelado y con cuerpo, dejando tras de s\u00ed un toque de ahumado y especias, un recordatorio de que la verdadera grandeza no se desvanece f\u00e1cilmente.<\/p>\n<p>Sorbido lentamente o vertido con audacia en un c\u00f3ctel elevado, <strong>el Reposado Chingona ofrece un sabor tan feroz como su nombre<\/strong>.<\/p>\n\t\t\t<a href=\"https:\/\/tumadremisuegritatequila.passionspirits.com\/\" target=\"_self\">\n\t\t\t\t\t\t\tComprar Hoy\n\t\t\t\t\t<\/a>\n\n","protected":false},"excerpt":{"rendered":"<p>Dos Tequilas.Historias Interminables. Claro Como el Cristal, Audazmente Distinto Plata Exitosa Un brindis por los que persiguen el \u00e9xito y saborean el viaje. Plata Exitosa es un tequila que llama la atenci\u00f3n desde el primer sorbo. Destilada hasta la perfecci\u00f3n cristalina, esta expresi\u00f3n brillante y ultrasuave lleva la esencia del agave azul seleccionado a mano [&hellip;]<\/p>\n","protected":false},"author":1,"featured_media":0,"parent":0,"menu_order":0,"comment_status":"closed","ping_status":"closed","template":"","meta":{"site-sidebar-layout":"no-sidebar","site-content-layout":"page-builder","ast-site-content-layout":"full-width-container","site-content-style":"unboxed","site-sidebar-style":"unboxed","ast-global-header-display":"","ast-banner-title-visibility":"","ast-main-header-display":"","ast-hfb-above-header-display":"","ast-hfb-below-header-display":"","ast-hfb-mobile-header-display":"","site-post-title":"disabled","ast-breadcrumbs-content":"disabled","ast-featured-img":"disabled","footer-sml-layout":"","ast-disable-related-posts":"","theme-transparent-header-meta":"enabled","adv-header-id-meta":"","stick-header-meta":"","header-above-stick-meta":"","header-main-stick-meta":"","header-below-stick-meta":"","astra-migrate-meta-layouts":"default","ast-page-background-enabled":"default","ast-page-background-meta":{"desktop":{"background-color":"","background-image":"","background-repeat":"repeat","background-position":"center center","background-size":"auto","background-attachment":"scroll","background-type":"","background-media":"","overlay-type":"","overlay-color":"","overlay-opacity":"","overlay-gradient":""},"tablet":{"background-color":"","background-image":"","background-repeat":"repeat","background-position":"center center","background-size":"auto","background-attachment":"scroll","background-type":"","background-media":"","overlay-type":"","overlay-color":"","overlay-opacity":"","overlay-gradient":""},"mobile":{"background-color":"","background-image":"","background-repeat":"repeat","background-position":"center center","background-size":"auto","background-attachment":"scroll","background-type":"","background-media":"","overlay-type":"","overlay-color":"","overlay-opacity":"","overlay-gradient":""}},"ast-content-background-meta":{"desktop":{"background-color":"var(--ast-global-color-5)","background-image":"","background-repeat":"repeat","background-position":"center center","background-size":"auto","background-attachment":"scroll","background-type":"","background-media":"","overlay-type":"","overlay-color":"","overlay-opacity":"","overlay-gradient":""},"tablet":{"background-color":"var(--ast-global-color-5)","background-image":"","background-repeat":"repeat","background-position":"center center","background-size":"auto","background-attachment":"scroll","background-type":"","background-media":"","overlay-type":"","overlay-color":"","overlay-opacity":"","overlay-gradient":""},"mobile":{"background-color":"var(--ast-global-color-5)","background-image":"","background-repeat":"repeat","background-position":"center center","background-size":"auto","background-attachment":"scroll","background-type":"","background-media":"","overlay-type":"","overlay-color":"","overlay-opacity":"","overlay-gradient":""}},"footnotes":""},"class_list":["post-1537","page","type-page","status-publish","hentry"],"_links":{"self":[{"href":"https:\/\/tumadremisuegrita.com\/es\/wp-json\/wp\/v2\/pages\/1537","targetHints":{"allow":["GET"]}}],"collection":[{"href":"https:\/\/tumadremisuegrita.com\/es\/wp-json\/wp\/v2\/pages"}],"about":[{"href":"https:\/\/tumadremisuegrita.com\/es\/wp-json\/wp\/v2\/types\/page"}],"author":[{"embeddable":true,"href":"https:\/\/tumadremisuegrita.com\/es\/wp-json\/wp\/v2\/users\/1"}],"replies":[{"embeddable":true,"href":"https:\/\/tumadremisuegrita.com\/es\/wp-json\/wp\/v2\/comments?post=1537"}],"version-history":[{"count":3,"href":"https:\/\/tumadremisuegrita.com\/es\/wp-json\/wp\/v2\/pages\/1537\/revisions"}],"predecessor-version":[{"id":1611,"href":"https:\/\/tumadremisuegrita.com\/es\/wp-json\/wp\/v2\/pages\/1537\/revisions\/1611"}],"wp:attachment":[{"href":"https:\/\/tumadremisuegrita.com\/es\/wp-json\/wp\/v2\/media?parent=1537"}],"curies":[{"name":"wp","href":"https:\/\/api.w.org\/{rel}","templated":true}]}}