{"id":1539,"date":"2025-02-16T01:08:45","date_gmt":"2025-02-16T09:08:45","guid":{"rendered":"https:\/\/tumadremisuegrita.com\/inicio\/"},"modified":"2025-09-10T18:26:01","modified_gmt":"2025-09-11T01:26:01","slug":"inicio","status":"publish","type":"page","link":"https:\/\/tumadremisuegrita.com\/es\/","title":{"rendered":"Inicio"},"content":{"rendered":"\n\n\t<h1>\n\t\t\t\t\u00a1A Toda Madre!\n\t\t\t<\/h1>\n\t<p>Elaborado artesanalmente en las Tierras Altos de Jalisco, cada gota de nuestro tequila lleva el orgullo de M\u00e9xico en su esencia. Tradiciones, cultura y pasi\u00f3n se mezclan para crear un sabor que cuenta historias y llega a todos los rincones del mundo.<\/p>\n<p>En M\u00e9xico, la palabra \u00abmadre\u00bb est\u00e1 llena de capas de significado cuando se combina con otras palabras. Se convierte en una forma divertida de expresar sentimientos y situaciones, a menudo con humor y dobles sentidos.<\/p>\n\t\t\t<a href=\"https:\/\/tumadremisuegritatequila.passionspirits.com\/\" target=\"_blank\" rel=\"noopener\">\n\t\t\t\t\t\t\tComprar En L\u00ednea\n\t\t\t\t\t<\/a>\n\t\t\t<a href=\"https:\/\/tumadremisuegrita.com\/es\/localizador-de-tiendas\/\" target=\"_self\">\n\t\t\t\t\t\t\tComprar En Tienda\n\t\t\t\t\t<\/a>\n\t<h6>\n\t\t\t\tOrgullosos de la herencia de nuestra tierra\n\t\t\t<\/h6>\n\t<h2>\n\t\t\t\tCada Gota de Nuestro Tequila Lleva el Orgullo de M\u00e9xico En Su Esencia\n\t\t\t<\/h2>\n\t<h6>\n\t\t\t\tElaborado Artesanalmente En Las Tierras Altas de Jalisco\n\t\t\t<\/h6>\n\t<h2>\n\t\t\t\tTequila: Est\u00e1 En Nuestra Sangre\n\t\t\t<\/h2>\n\t<p>La Finca Cortez y Camarena Es Un Productor de Tequila de Propiedad Familiar. Elaboramos Tequila Artesanalmente a Partir de Agave Weber Azul 100% Cultivado En Las Alturas de Las Monta\u00f1as Mexicanas.<\/p>\n<p>Todo lo que hacemos tiene sus ra\u00edces en la pasi\u00f3n por nuestra artesan\u00eda tradicional y nuestra firme creencia en la autosuficiencia y la sostenibilidad desde la semilla hasta el suelo y el tequila.<\/p>\n\t\t\t<a href=\"https:\/\/tumadremisuegrita.com\/origin\/\" target=\"_self\">\n\t\t\t\t\t\t\tHistoria Artesanal\n\t\t\t\t\t<\/a>\n\t<h6>\n\t\t\t\tNuestro Proceso\n\t\t\t<\/h6>\n\t<h2>\n\t\t\t\tDel Campo a La Botella\n\t\t\t<\/h2>\n\t<p>Cuidamos Cada Paso En La Creaci\u00f3n de Tu Madre Mi Suegrita.<\/p>\n<p>Seleccionando los mejores agaves, supervisamos la cocci\u00f3n lenta, la fermentaci\u00f3n y la destilaci\u00f3n, asegurando que cada proceso conserve la esencia de nuestra tierra, as\u00ed, logramos un tequila que lleva consigo la dedicaci\u00f3n y el orgullo de M\u00e9xico en cada sorbo.<\/p>\n<p>Porque nuestra pasi\u00f3n se encuentra en cada detalle.<\/p>\n\t\t\t<a href=\"https:\/\/tumadremisuegrita.com\/tequilas\/\" target=\"_self\">\n\t\t\t\t\t\t\tSaborea la Tradici\u00f3n\n\t\t\t\t\t<\/a>\n\t<h2>\n\t\t\t\tRegister for Our Newsletter\n\t\t\t<\/h2>\n\n","protected":false},"excerpt":{"rendered":"<p>\u00a1A Toda Madre! Elaborado artesanalmente en las Tierras Altos de Jalisco, cada gota de nuestro tequila lleva el orgullo de M\u00e9xico en su esencia. Tradiciones, cultura y pasi\u00f3n se mezclan para crear un sabor que cuenta historias y llega a todos los rincones del mundo. En M\u00e9xico, la palabra \u00abmadre\u00bb est\u00e1 llena de capas de [&hellip;]<\/p>\n","protected":false},"author":1,"featured_media":0,"parent":0,"menu_order":0,"comment_status":"closed","ping_status":"closed","template":"","meta":{"site-sidebar-layout":"no-sidebar","site-content-layout":"page-builder","ast-site-content-layout":"default","site-content-style":"default","site-sidebar-style":"default","ast-global-header-display":"","ast-banner-title-visibility":"","ast-main-header-display":"","ast-hfb-above-header-display":"","ast-hfb-below-header-display":"","ast-hfb-mobile-header-display":"","site-post-title":"disabled","ast-breadcrumbs-content":"disabled","ast-featured-img":"disabled","footer-sml-layout":"","ast-disable-related-posts":"","theme-transparent-header-meta":"enabled","adv-header-id-meta":"","stick-header-meta":"","header-above-stick-meta":"","header-main-stick-meta":"","header-below-stick-meta":"","astra-migrate-meta-layouts":"default","ast-page-background-enabled":"default","ast-page-background-meta":{"desktop":{"background-color":"","background-image":"","background-repeat":"repeat","background-position":"center center","background-size":"auto","background-attachment":"scroll","background-type":"","background-media":"","overlay-type":"","overlay-color":"","overlay-opacity":"","overlay-gradient":""},"tablet":{"background-color":"","background-image":"","background-repeat":"repeat","background-position":"center center","background-size":"auto","background-attachment":"scroll","background-type":"","background-media":"","overlay-type":"","overlay-color":"","overlay-opacity":"","overlay-gradient":""},"mobile":{"background-color":"","background-image":"","background-repeat":"repeat","background-position":"center center","background-size":"auto","background-attachment":"scroll","background-type":"","background-media":"","overlay-type":"","overlay-color":"","overlay-opacity":"","overlay-gradient":""}},"ast-content-background-meta":{"desktop":{"background-color":"var(--ast-global-color-5)","background-image":"","background-repeat":"repeat","background-position":"center center","background-size":"auto","background-attachment":"scroll","background-type":"","background-media":"","overlay-type":"","overlay-color":"","overlay-opacity":"","overlay-gradient":""},"tablet":{"background-color":"var(--ast-global-color-5)","background-image":"","background-repeat":"repeat","background-position":"center center","background-size":"auto","background-attachment":"scroll","background-type":"","background-media":"","overlay-type":"","overlay-color":"","overlay-opacity":"","overlay-gradient":""},"mobile":{"background-color":"var(--ast-global-color-5)","background-image":"","background-repeat":"repeat","background-position":"center center","background-size":"auto","background-attachment":"scroll","background-type":"","background-media":"","overlay-type":"","overlay-color":"","overlay-opacity":"","overlay-gradient":""}},"footnotes":""},"class_list":["post-1539","page","type-page","status-publish","hentry"],"_links":{"self":[{"href":"https:\/\/tumadremisuegrita.com\/es\/wp-json\/wp\/v2\/pages\/1539","targetHints":{"allow":["GET"]}}],"collection":[{"href":"https:\/\/tumadremisuegrita.com\/es\/wp-json\/wp\/v2\/pages"}],"about":[{"href":"https:\/\/tumadremisuegrita.com\/es\/wp-json\/wp\/v2\/types\/page"}],"author":[{"embeddable":true,"href":"https:\/\/tumadremisuegrita.com\/es\/wp-json\/wp\/v2\/users\/1"}],"replies":[{"embeddable":true,"href":"https:\/\/tumadremisuegrita.com\/es\/wp-json\/wp\/v2\/comments?post=1539"}],"version-history":[{"count":5,"href":"https:\/\/tumadremisuegrita.com\/es\/wp-json\/wp\/v2\/pages\/1539\/revisions"}],"predecessor-version":[{"id":1739,"href":"https:\/\/tumadremisuegrita.com\/es\/wp-json\/wp\/v2\/pages\/1539\/revisions\/1739"}],"wp:attachment":[{"href":"https:\/\/tumadremisuegrita.com\/es\/wp-json\/wp\/v2\/media?parent=1539"}],"curies":[{"name":"wp","href":"https:\/\/api.w.org\/{rel}","templated":true}]}}